{"id":35,"date":"2020-01-08T10:09:41","date_gmt":"2020-01-08T10:09:41","guid":{"rendered":"http:\/\/wpzajc.localhost\/?page_id=35"},"modified":"2021-08-25T09:22:44","modified_gmt":"2021-08-25T07:22:44","slug":"pravno-obvestilo","status":"publish","type":"page","link":"https:\/\/zajc.si\/sl\/pravno-obvestilo\/","title":{"rendered":"Pravilnik o zasebnosti"},"content":{"rendered":"\n<p>To spletno stran je za vas pripravilo podjetje ZAJC Family Estate (Sporti d.o.o.), Pod Tr\u0161ko goro 1, 8000 Novo mesto (v nadaljevanju &#8216;ustanovitelj&#8217;). Podatki, zbrani na tej spletni strani, so bili pripravljeni natan\u010dno in skrbno. Kljub temu obstaja mo\u017enost, da je pri vnosu vsebin ali na spletnem mestu pri\u0161lo do napak, za kar se obiskovalcem spletne strani opravi\u010dujemo. \u010ce ste opazili napako, vas prosimo, da nas na to opozorite na elektronski naslov info@zajc.si. <\/p>\n\n\n\n<p><strong>Vsebina<\/strong><\/p>\n\n\n\n<p>Vse vsebine, ki se nahajajo na spletni strani, so informativnega zna\u010daja in so namenjene predvsem informiranju. Ustanovitelj se obvezuje, da bo storil vse, kar je v njegovi mo\u010di, da bodo podatki na spletnem mestu resni\u010dni, zanesljivi in kakovostni. S tem pa ne odgovarja za morebitne tipkarske napake in za zamude ter pomanjkljivosti pri vna\u0161anju a\u017eurnih podatkov. Ustanovitelj si pridr\u017euje pravico, da kadarkoli in brez predhodnega obvestila spremeni vsebino in razpolo\u017eljive izdelke.<\/p>\n\n\n\n<p>Z vstopom na to spletno mesto uporabnik sprejema Splo\u0161ne pogoje uporabe spletne strani. Na tem mestu lahko uporabnik redno spremlja morebitne spremembe splo\u0161nih pogojev in pravil ter posledi\u010dno na\u010din in namen obdelave zbranih osebnih podatkov.<\/p>\n\n\n\n<p><strong>Zbiranje in\nobdelava podatkov<\/strong><\/p>\n\n\n\n<p>Ustanovitelj zbira slede\u010de osebne podatke za potrebe poslovanja: ime in priimek, naslov in kraj bivanja, naslov elektronske po\u0161te, kontaktno telefonsko \u0161tevilko ter ostale podatke, ki jih uporabnik vnese v obrazce na spletnem mestu <a href=\"http:\/\/www.zajc.si\">www.zajc.si<\/a>. Ustanovitelj ne odgovarja za to\u010dnost podatkov, ki jih vnese uporabnik. Za zagotavljanje varnosti in dokazljivosti se zbirajo tudi IP naslovi, iz katerih uporabniki dostopajo do spletnega mesta. Ustanovitelj lahko na uporabnikov ra\u010dunalnik shrani tudi druge pi\u0161kotke, kot so identifikacijska \u0161tevilka uporabnika v \u0161ifrirani obliki (za prepoznavanje uporabnika ob naslednjem obisku) in pi\u0161kotki sistema Google Analytics (analiza obiskov spletne strani). Sejni pi\u0161kotki se v pomnilnik stre\u017enika shranjujejo le za \u010das trajanja obiska in se izbri\u0161ejo po eni uri neaktivnosti, trajni pi\u0161kotki pa so shranjeni na ra\u010dunalniku obiskovalca in se jih lahko kadarkoli izbri\u0161e. <\/p>\n\n\n\n<p>Ustanovitelj lahko te\nv anonimizirani sumarni obliki uporabi za namene statisti\u010dnih analiz. Podatkov\no uporabnikih spletne strani v nobenem primeru ne bo predal nepoobla\u0161\u010denim\nosebam.&nbsp;<\/p>\n\n\n\n<p><strong>Pravice\nuporabnika&nbsp;<\/strong><\/p>\n\n\n\n<p>Uporabnik lahko kadar\nkoli zaprosi za seznanitev z osebnimi podatki, ki jih ustanovitelj obdeluje \u2013 za njihovo omejitev, izbris,\npopravek ali prenos podatkov. Kakr\u0161na koli vpra\u0161anja v povezavi z varovanjem\nosebnih podatkov na spletnem mestu&nbsp;www.zajc.si&nbsp;pa lahko naslovi tudi\nna elektronski naslov&nbsp;<a href=\"mailto:info@zajc.si\">info@zajc.si<\/a>.<\/p>\n\n\n\n<p><strong>Privolitev&nbsp;<\/strong><\/p>\n\n\n\n<p>Z uporabo spletnega\nmesta&nbsp;www.zajc.si&nbsp;se uporabnik strinja s splo\u0161nimi pogoji uporabe,\nobjavljenimi na tem spletnem mestu. Na tem mestu lahko uporabnik redno spremlja\nmorebitne spremembe splo\u0161nih pogojev ter posledi\u010dno na\u010din in namen obdelave zbranih\nosebnih podatkov.&nbsp;<\/p>\n\n\n\n<p><strong>Povezava z dru\u017ebenimi omre\u017eji<\/strong><\/p>\n\n\n\n<p>S klikom na ikono\nposameznega dru\u017ebenega omre\u017eja Facebook ali Instagram, ki se nahaja na spletni\nstrani&nbsp;www.zajc.si, lahko uporabnik preprosto dostopa do profilov Zajc\nFamily Estate na dru\u017ebenih omre\u017ejih in\nobjav drugih profilov na dru\u017ebenih omre\u017ejih z vsebino, vezano na Zajc\nFamily Estate . Klik na te gumbe-ikone\ndru\u017ebenemu omre\u017eju omogo\u010da, da uporabniku hitro ponudi relevantne informacije,\nglede na uporabnikovo spletno aktivnost.&nbsp;<\/p>\n\n\n\n<p>Upravljavec osebnih\npodatkov je:&nbsp;<strong>Sporti d. o. o., Pod\nTr\u0161ko goro 1, 8000 Novo mesto, SI99403722.&nbsp;<\/strong>Morebitna vpra\u0161anja o zasebnosti in obdelavi osebnih\npodatkov lahko naslovite na&nbsp;<a href=\"mailto:info@zajc.si\">info@zajc.si<\/a>.<\/p>\n","protected":false},"excerpt":{"rendered":"<p>To spletno stran je za vas pripravilo podjetje ZAJC Family Estate (Sporti d.o.o.), Pod Tr\u0161ko goro 1, 8000 Novo mesto (v nadaljevanju &#8216;ustanovitelj&#8217;). Podatki, zbrani na tej spletni strani, so bili pripravljeni natan\u010dno in skrbno. Kljub temu obstaja mo\u017enost, da je pri vnosu vsebin ali na spletnem mestu pri\u0161lo do napak, za kar se obiskovalcem [&hellip;]<\/p>\n","protected":false},"author":2,"featured_media":0,"parent":0,"menu_order":0,"comment_status":"closed","ping_status":"closed","template":"single_page.php","meta":{"_monsterinsights_skip_tracking":false,"_monsterinsights_sitenote_active":false,"_monsterinsights_sitenote_note":"","_monsterinsights_sitenote_category":0,"footnotes":""},"class_list":["post-35","page","type-page","status-publish","hentry"],"yoast_head":"<!-- This site is optimized with the Yoast SEO plugin v25.7 - https:\/\/yoast.com\/wordpress\/plugins\/seo\/ -->\n<title>Pravilnik o zasebnosti - Zajc<\/title>\n<meta name=\"robots\" content=\"index, follow, max-snippet:-1, max-image-preview:large, max-video-preview:-1\" \/>\n<link rel=\"canonical\" href=\"https:\/\/zajc.si\/sl\/pravno-obvestilo\/\" \/>\n<meta property=\"og:locale\" content=\"sl_SI\" \/>\n<meta property=\"og:type\" content=\"article\" \/>\n<meta property=\"og:title\" content=\"Pravilnik o zasebnosti - Zajc\" \/>\n<meta property=\"og:description\" content=\"To spletno stran je za vas pripravilo podjetje ZAJC Family Estate (Sporti d.o.o.), Pod Tr\u0161ko goro 1, 8000 Novo mesto (v nadaljevanju &#8216;ustanovitelj&#8217;). Podatki, zbrani na tej spletni strani, so bili pripravljeni natan\u010dno in skrbno. Kljub temu obstaja mo\u017enost, da je pri vnosu vsebin ali na spletnem mestu pri\u0161lo do napak, za kar se obiskovalcem [&hellip;]\" \/>\n<meta property=\"og:url\" content=\"https:\/\/zajc.si\/sl\/pravno-obvestilo\/\" \/>\n<meta property=\"og:site_name\" content=\"Zajc\" \/>\n<meta property=\"article:modified_time\" content=\"2021-08-25T07:22:44+00:00\" \/>\n<meta name=\"twitter:card\" content=\"summary_large_image\" \/>\n<meta name=\"twitter:label1\" content=\"Est. reading time\" \/>\n\t<meta name=\"twitter:data1\" content=\"3 minute\" \/>\n<script type=\"application\/ld+json\" class=\"yoast-schema-graph\">{\"@context\":\"https:\/\/schema.org\",\"@graph\":[{\"@type\":\"WebPage\",\"@id\":\"https:\/\/zajc.si\/sl\/pravno-obvestilo\/\",\"url\":\"https:\/\/zajc.si\/sl\/pravno-obvestilo\/\",\"name\":\"Pravilnik o zasebnosti - Zajc\",\"isPartOf\":{\"@id\":\"https:\/\/zajc.si\/sl\/#website\"},\"datePublished\":\"2020-01-08T10:09:41+00:00\",\"dateModified\":\"2021-08-25T07:22:44+00:00\",\"breadcrumb\":{\"@id\":\"https:\/\/zajc.si\/sl\/pravno-obvestilo\/#breadcrumb\"},\"inLanguage\":\"sl-SI\",\"potentialAction\":[{\"@type\":\"ReadAction\",\"target\":[\"https:\/\/zajc.si\/sl\/pravno-obvestilo\/\"]}]},{\"@type\":\"BreadcrumbList\",\"@id\":\"https:\/\/zajc.si\/sl\/pravno-obvestilo\/#breadcrumb\",\"itemListElement\":[{\"@type\":\"ListItem\",\"position\":1,\"name\":\"Domov\",\"item\":\"https:\/\/zajc.si\/sl\/home\/\"},{\"@type\":\"ListItem\",\"position\":2,\"name\":\"Pravilnik o zasebnosti\"}]},{\"@type\":\"WebSite\",\"@id\":\"https:\/\/zajc.si\/sl\/#website\",\"url\":\"https:\/\/zajc.si\/sl\/\",\"name\":\"Zajc\",\"description\":\"Ujemi \u017eivljenje!\",\"publisher\":{\"@id\":\"https:\/\/zajc.si\/sl\/#organization\"},\"potentialAction\":[{\"@type\":\"SearchAction\",\"target\":{\"@type\":\"EntryPoint\",\"urlTemplate\":\"https:\/\/zajc.si\/sl\/?s={search_term_string}\"},\"query-input\":{\"@type\":\"PropertyValueSpecification\",\"valueRequired\":true,\"valueName\":\"search_term_string\"}}],\"inLanguage\":\"sl-SI\"},{\"@type\":\"Organization\",\"@id\":\"https:\/\/zajc.si\/sl\/#organization\",\"name\":\"Zajc\",\"url\":\"https:\/\/zajc.si\/sl\/\",\"logo\":{\"@type\":\"ImageObject\",\"inLanguage\":\"sl-SI\",\"@id\":\"https:\/\/zajc.si\/sl\/#\/schema\/logo\/image\/\",\"url\":\"https:\/\/zajc.si\/wp-content\/uploads\/2020\/06\/Logo-Zajc-150px.svg\",\"contentUrl\":\"https:\/\/zajc.si\/wp-content\/uploads\/2020\/06\/Logo-Zajc-150px.svg\",\"caption\":\"Zajc\"},\"image\":{\"@id\":\"https:\/\/zajc.si\/sl\/#\/schema\/logo\/image\/\"}}]}<\/script>\n<!-- \/ Yoast SEO plugin. -->","yoast_head_json":{"title":"Pravilnik o zasebnosti - Zajc","robots":{"index":"index","follow":"follow","max-snippet":"max-snippet:-1","max-image-preview":"max-image-preview:large","max-video-preview":"max-video-preview:-1"},"canonical":"https:\/\/zajc.si\/sl\/pravno-obvestilo\/","og_locale":"sl_SI","og_type":"article","og_title":"Pravilnik o zasebnosti - Zajc","og_description":"To spletno stran je za vas pripravilo podjetje ZAJC Family Estate (Sporti d.o.o.), Pod Tr\u0161ko goro 1, 8000 Novo mesto (v nadaljevanju &#8216;ustanovitelj&#8217;). Podatki, zbrani na tej spletni strani, so bili pripravljeni natan\u010dno in skrbno. Kljub temu obstaja mo\u017enost, da je pri vnosu vsebin ali na spletnem mestu pri\u0161lo do napak, za kar se obiskovalcem [&hellip;]","og_url":"https:\/\/zajc.si\/sl\/pravno-obvestilo\/","og_site_name":"Zajc","article_modified_time":"2021-08-25T07:22:44+00:00","twitter_card":"summary_large_image","twitter_misc":{"Est. reading time":"3 minute"},"schema":{"@context":"https:\/\/schema.org","@graph":[{"@type":"WebPage","@id":"https:\/\/zajc.si\/sl\/pravno-obvestilo\/","url":"https:\/\/zajc.si\/sl\/pravno-obvestilo\/","name":"Pravilnik o zasebnosti - Zajc","isPartOf":{"@id":"https:\/\/zajc.si\/sl\/#website"},"datePublished":"2020-01-08T10:09:41+00:00","dateModified":"2021-08-25T07:22:44+00:00","breadcrumb":{"@id":"https:\/\/zajc.si\/sl\/pravno-obvestilo\/#breadcrumb"},"inLanguage":"sl-SI","potentialAction":[{"@type":"ReadAction","target":["https:\/\/zajc.si\/sl\/pravno-obvestilo\/"]}]},{"@type":"BreadcrumbList","@id":"https:\/\/zajc.si\/sl\/pravno-obvestilo\/#breadcrumb","itemListElement":[{"@type":"ListItem","position":1,"name":"Domov","item":"https:\/\/zajc.si\/sl\/home\/"},{"@type":"ListItem","position":2,"name":"Pravilnik o zasebnosti"}]},{"@type":"WebSite","@id":"https:\/\/zajc.si\/sl\/#website","url":"https:\/\/zajc.si\/sl\/","name":"Zajc","description":"Ujemi \u017eivljenje!","publisher":{"@id":"https:\/\/zajc.si\/sl\/#organization"},"potentialAction":[{"@type":"SearchAction","target":{"@type":"EntryPoint","urlTemplate":"https:\/\/zajc.si\/sl\/?s={search_term_string}"},"query-input":{"@type":"PropertyValueSpecification","valueRequired":true,"valueName":"search_term_string"}}],"inLanguage":"sl-SI"},{"@type":"Organization","@id":"https:\/\/zajc.si\/sl\/#organization","name":"Zajc","url":"https:\/\/zajc.si\/sl\/","logo":{"@type":"ImageObject","inLanguage":"sl-SI","@id":"https:\/\/zajc.si\/sl\/#\/schema\/logo\/image\/","url":"https:\/\/zajc.si\/wp-content\/uploads\/2020\/06\/Logo-Zajc-150px.svg","contentUrl":"https:\/\/zajc.si\/wp-content\/uploads\/2020\/06\/Logo-Zajc-150px.svg","caption":"Zajc"},"image":{"@id":"https:\/\/zajc.si\/sl\/#\/schema\/logo\/image\/"}}]}},"_links":{"self":[{"href":"https:\/\/zajc.si\/sl\/wp-json\/wp\/v2\/pages\/35","targetHints":{"allow":["GET"]}}],"collection":[{"href":"https:\/\/zajc.si\/sl\/wp-json\/wp\/v2\/pages"}],"about":[{"href":"https:\/\/zajc.si\/sl\/wp-json\/wp\/v2\/types\/page"}],"author":[{"embeddable":true,"href":"https:\/\/zajc.si\/sl\/wp-json\/wp\/v2\/users\/2"}],"replies":[{"embeddable":true,"href":"https:\/\/zajc.si\/sl\/wp-json\/wp\/v2\/comments?post=35"}],"version-history":[{"count":4,"href":"https:\/\/zajc.si\/sl\/wp-json\/wp\/v2\/pages\/35\/revisions"}],"predecessor-version":[{"id":962,"href":"https:\/\/zajc.si\/sl\/wp-json\/wp\/v2\/pages\/35\/revisions\/962"}],"wp:attachment":[{"href":"https:\/\/zajc.si\/sl\/wp-json\/wp\/v2\/media?parent=35"}],"curies":[{"name":"wp","href":"https:\/\/api.w.org\/{rel}","templated":true}]}}